{"id":3436,"date":"2022-10-10T08:24:00","date_gmt":"2022-10-10T06:24:00","guid":{"rendered":"https:\/\/kirstimusic.com\/agb\/"},"modified":"2022-11-15T09:53:13","modified_gmt":"2022-11-15T08:53:13","slug":"agb","status":"publish","type":"page","link":"https:\/\/kirstimusic.com\/de\/agb\/","title":{"rendered":"AGB"},"content":{"rendered":"\t\t<div data-elementor-type=\"wp-page\" data-elementor-id=\"3436\" class=\"elementor elementor-3436 elementor-2818\" data-elementor-post-type=\"page\">\n\t\t\t\t\t\t<section class=\"elementor-section elementor-top-section elementor-element elementor-element-010b803 elementor-section-boxed elementor-section-height-default elementor-section-height-default\" data-id=\"010b803\" data-element_type=\"section\">\n\t\t\t\t\t\t<div class=\"elementor-container elementor-column-gap-default\">\n\t\t\t\t\t<div class=\"elementor-column elementor-col-100 elementor-top-column elementor-element elementor-element-9709409\" data-id=\"9709409\" data-element_type=\"column\">\n\t\t\t<div class=\"elementor-widget-wrap elementor-element-populated\">\n\t\t\t\t\t\t<div class=\"elementor-element elementor-element-d54f79c elementor-widget elementor-widget-heading\" data-id=\"d54f79c\" data-element_type=\"widget\" data-widget_type=\"heading.default\">\n\t\t\t\t\t\t<div class=\"elementor-widget-container\">\n\t\t\t\t\t<h1 class=\"elementor-heading-title elementor-size-default\">AGB<\/h1>\t\t\t\t<\/div>\n\t\t\t\t<\/div>\n\t\t\t\t<div class=\"elementor-element elementor-element-19f7b9b elementor-widget elementor-widget-text-editor\" data-id=\"19f7b9b\" data-element_type=\"widget\" data-widget_type=\"text-editor.default\">\n\t\t\t\t\t\t<div class=\"elementor-widget-container\">\n\t\t\t\t\t\t\t\t\t<h2>\u00a7 1 G\u00fcltigkeit, Begriffsbestimmungen<\/h2>\n<p>(1) kirsti.music AS, vertreten durch Karoline Hille, Maridalveien 19, 0178 Oslo, Norwegen (nachfolgend: &#8222;wir&#8220; oder &#8222;kirsti.music&#8220;) betreibt unter der Website https:\/\/kirsti.org\/shop\/ einen Online-Shop f\u00fcr Waren, digitale G\u00fcter und Dienstleistungen. F\u00fcr alle Leistungen zwischen uns und unseren Kunden (nachfolgend: &#8222;Kunde&#8220; oder &#8222;Sie&#8220;) gelten die nachfolgenden Allgemeinen Gesch\u00e4ftsbedingungen in ihrer zum Zeitpunkt der Bestellung g\u00fcltigen Fassung, soweit nicht ausdr\u00fccklich etwas anderes vereinbart ist. <\/p>\n<p>(2) &#8222;Verbraucher&#8220; im Sinne dieser Gesch\u00e4ftsbedingungen ist jede nat\u00fcrliche Person, die ein Rechtsgesch\u00e4ft zu Zwecken abschlie\u00dft, die \u00fcberwiegend weder ihrer gewerblichen noch ihrer selbst\u00e4ndigen beruflichen T\u00e4tigkeit zugerechnet werden k\u00f6nnen. &#8222;Unternehmer&#8220; ist eine nat\u00fcrliche oder juristische Person oder eine rechtsf\u00e4hige Personengesellschaft, die bei Abschluss eines Rechtsgesch\u00e4fts in Aus\u00fcbung ihrer gewerblichen oder selbst\u00e4ndigen beruflichen T\u00e4tigkeit handelt, wobei eine rechtsf\u00e4hige Personengesellschaft eine Personengesellschaft ist, die mit der F\u00e4higkeit ausgestattet ist, Rechte zu erwerben und Verbindlichkeiten einzugehen. <\/p>\n<h2>\u00a7 2 Vertragsabschluss, Speicherung des Vertragstextes<\/h2>\n<p>(1) Die folgenden Regelungen \u00fcber den Vertragsabschluss gelten f\u00fcr Bestellungen \u00fcber unseren Internetshop https:\/\/kirstimusic.com\/akademie\/.<\/p>\n<p>(2) Unsere Produktpr\u00e4sentationen im Internet sind unverbindlich und stellen kein bindendes Angebot zum Abschluss eines Vertrages dar.<\/p>\n<p>(3) F\u00fcr den Eingang einer Bestellung in unserem Online-Shop gelten die nachfolgenden Bestimmungen: Der Kunde gibt ein verbindliches Angebot zum Abschluss eines Vertrages ab, indem er den in unserem Online-Shop vorgesehenen Bestellvorgang erfolgreich durchl\u00e4uft. Der Auftrag wird in folgenden Schritten erteilt:<\/p>\n<p>Auswahl der gew\u00fcnschten Waren, digitalen G\u00fcter, ausgew\u00e4hlten Dienstleistung(en),<br \/>Hinzuf\u00fcgen der Produkte durch Anklicken des entsprechenden Buttons (z.B. &#8222;In den Warenkorb&#8220;, &#8222;In die Einkaufstasche&#8220; o.\u00e4.),<br \/>\u00dcberpr\u00fcfung der Informationen im Warenkorb,<br \/>Aufruf der Bestell\u00fcbersicht durch Anklicken des entsprechenden Buttons (z.B. &#8222;Weiter zur Kasse&#8220;, &#8222;Weiter zur Zahlung&#8220;, &#8222;Weiter zur Bestell\u00fcbersicht&#8220; o.\u00e4.),<br \/>Eingabe\/Pr\u00fcfung der Adress- und Kontaktdaten, Auswahl der Zahlungsmethode, Best\u00e4tigung der Allgemeinen Gesch\u00e4ftsbedingungen und der Widerrufsbelehrung,<br \/>Weicht die vereinbarte Beschaffenheit der Ware von ihrer \u00fcblichen Beschaffenheit und Verwendungsm\u00f6glichkeit ab, Best\u00e4tigung einer negativen Beschaffenheitsvereinbarung,<br \/>Abschluss der Bestellung durch Dr\u00fccken der Schaltfl\u00e4che &#8222;Jetzt kaufen&#8220;. Dies stellt Ihre verbindliche Bestellung dar.<br \/>Der Vertrag kommt zustande, wenn Sie innerhalb von drei Werktagen eine Auftragsbest\u00e4tigung von uns an die angegebene E-Mail Adresse erhalten.<\/p>\n<p>(4) Im Falle des Vertragsschlusses kommt der Vertrag mit kirsti.music AS, vertreten durch Karoline Hille, Maridalveien 19, 0178 Oslo, Norwegen zustande.<\/p>\n<p>(5) Vor der Bestellung k\u00f6nnen die Vertragsdaten ausgedruckt oder \u00fcber die Druckfunktion des Browsers elektronisch gespeichert werden. Die Abwicklung der Bestellung und \u00dcbermittlung aller im Zusammenhang mit dem Vertragsschluss erforderlichen Informationen, insbesondere der Bestelldaten, der Allgemeinen Gesch\u00e4ftsbedingungen und der Widerrufsbelehrung, erfolgt nach Ausl\u00f6sung der Bestellung durch Sie per E-Mail, teilweise automatisch. Der Vertragstext wird von uns nach Vertragsabschluss nicht gespeichert.<\/p>\n<p>(6) Eingabefehler k\u00f6nnen mit den \u00fcblichen Tastatur-, Maus- und Browserfunktionen (z.B. &#8222;Zur\u00fcck-Button&#8220; des Browsers) korrigiert werden. Sie k\u00f6nnen auch korrigiert werden, indem der Bestellvorgang vorzeitig abgebrochen, das Browserfenster geschlossen und der Vorgang wiederholt wird. <\/p>\n<p>(7) Die Abwicklung der Bestellung und die \u00dcbermittlung aller im Zusammenhang mit dem Vertragsschluss erforderlichen Informationen erfolgt per E-Mail, zum Teil automatisiert. Sie haben daher sicherzustellen, dass die von Ihnen angegebene E-Mail-Adresse zutreffend ist, der Empfang von E-Mails technisch sichergestellt ist und insbesondere nicht durch SPAM-Filter verhindert wird.  <\/p>\n<h2>\u00a7 3 Vertragsgegenstand und wesentliche Merkmale der Produkte<\/h2>\n<p>(1) In unserem Online-Shop ist der Gegenstand des Vertrages:<\/p>\n<p>Der Verkauf von Waren. Die konkret angebotenen Waren finden Sie auf unseren Artikelseiten.  <\/p>\n<p>The sale of digital goods, e.g. software or media downloads. The specific digital goods offered can be found on our article pages.  <\/p>\n<p>Die Erbringung von Dienstleistungen. Die konkret angebotenen Dienstleistungen finden Sie auf unseren Produktseiten. <\/p>\n<p>(2) Die wesentlichen Merkmale der Waren, digitalen G\u00fcter und Dienstleistungen ergeben sich aus der Artikelbeschreibung. Weicht die vereinbarte Beschaffenheit der Ware von ihrer \u00fcblichen Beschaffenheit und Verwendung ab, so wird in der Artikelbeschreibung ausdr\u00fccklich darauf hingewiesen (negative Beschaffenheitsvereinbarung). Soweit der Kunde der negativen Beschaffenheitsabweichung ausdr\u00fccklich zugestimmt hat, wird diese zum Vertragsgegenstand.  <\/p>\n<p>(3) For the sale of digital products, the restrictions apparent from the product description or otherwise resulting from the circumstances shall apply, in particular to hardware and\/or software requirements for the target environment. Unless expressly agreed otherwise, the subject matter of the contract is only the private and commercial use of the products without the right to resell or sublicense. <\/p>\n<h2>\u00a7 4 Preise, Versandkosten und Lieferung<\/h2>\n<p>(1) Die in den jeweiligen Angeboten genannten Preise sowie die Versandkosten sind Gesamtpreise und beinhalten alle Preisbestandteile einschlie\u00dflich aller anfallenden Steuern.<\/p>\n<p>(2) Der jeweilige Kaufpreis ist vor Lieferung der Ware zu zahlen (Vorkasse), es sei denn, wir bieten ausdr\u00fccklich Kauf auf Rechnung an. Die Ihnen zur Verf\u00fcgung stehenden Zahlungsarten werden Ihnen unter einem entsprechend gekennzeichneten Button im Online-Shop oder im jeweiligen Angebot angezeigt. Soweit bei den einzelnen Zahlungsarten nicht anders angegeben, sind Zahlungsanspr\u00fcche sofort f\u00e4llig.  <\/p>\n<p>(3) Zus\u00e4tzlich zu den angegebenen Preisen k\u00f6nnen f\u00fcr die Lieferung von Produkten Versandkosten anfallen, sofern der jeweilige Artikel nicht als versandkostenfrei gekennzeichnet ist. Die Versandkosten werden Ihnen bei den Angeboten, ggf. im Warenkorbsystem und in der Bestell\u00fcbersicht nochmals deutlich mitgeteilt. <\/p>\n<p>(4) Alle angebotenen Produkte sind, sofern in der Produktbeschreibung nicht ausdr\u00fccklich anders angegeben, sofort versandfertig (Lieferzeit: ca. 7 Tage nach Zahlungseingang).<\/p>\n<p>(5) Es gelten die folgenden Einschr\u00e4nkungen f\u00fcr das Liefergebiet: Die Lieferung erfolgt in die folgenden L\u00e4nder: Deutschland, D\u00e4nemark, Finnland, Norwegen, Schweden.<\/p>\n<h2>\u00a7 5 Aktualisierungen, Aktualisierungen, Mitwirkungspflichten des Verbrauchers<\/h2>\n<p>(1) Soweit mit einem Verbraucher ein Vertrag \u00fcber Waren mit digitalen Elementen oder \u00fcber digitale Produkte (digitale Inhalte und Dienstleistungen) geschlossen wird und die gesetzliche Pflicht zur Aktualisierung nicht vertraglich wirksam ausgeschlossen ist, werden dem Kunden regelm\u00e4\u00dfig Updates zur Verf\u00fcgung gestellt, die die Funktionalit\u00e4t und (IT-)Sicherheit des Kaufgegenstandes gew\u00e4hrleisten (z.B. Sicherheitsupdates gegen neue Sicherheitsbedrohungen etc.)<\/p>\n<p>(2) Wir sind auch berechtigt, einen Dritten mit der Bereitstellung der Updates zu beauftragen (z.B. den Hersteller oder dessen Lieferanten).<\/p>\n<p>(3) Der Zeitraum, in dem Updates zur Verf\u00fcgung gestellt werden, h\u00e4ngt von der Art des jeweiligen Kaufgegenstandes ab und wird in der Artikelbeschreibung erl\u00e4utert. e die Updates (z.B. der Hersteller oder sein Lieferant).<\/p>\n<p>(4) Die Verbraucher werden \u00fcber die Bereitstellung von Updates sowie \u00fcber die ordnungsgem\u00e4\u00dfe Installation dieser informiert (E-Mail).<\/p>\n<p>(5) Der Kunde ist verpflichtet, bereitgestellte Updates ordnungsgem\u00e4\u00df gem\u00e4\u00df den Installationsanweisungen zu installieren. <\/p>\n<h2>\u00a7 6 Zur\u00fcckbehaltungsrecht, Eigentumsvorbehalt<\/h2>\n<p>(1) Ein Zur\u00fcckbehaltungsrecht k\u00f6nnen Sie nur aus\u00fcben, soweit es sich um Anspr\u00fcche aus demselben Vertragsverh\u00e4ltnis handelt.<\/p>\n<p>(2) Die Ware bleibt bis zur vollst\u00e4ndigen Bezahlung des Kaufpreises unser Eigentum.<\/p>\n<h2>\u00a7 7 Widerrufsrecht<\/h2>\n<p>Als Verbraucher haben Sie ein Widerrufsrecht. Dieses ist in unserer Widerrufsbelehrung geregelt. <\/p>\n<h2>\u00a7 8 Haftung<\/h2>\n<p>(1) Unsere Haftung f\u00fcr vertragliche Pflichtverletzungen und aus Delikt ist vorbehaltlich der nachfolgenden Ausnahmen auf Vorsatz und grobe Fahrl\u00e4ssigkeit beschr\u00e4nkt.<\/p>\n<p>(2) F\u00fcr leichte Fahrl\u00e4ssigkeit haften wir unbeschr\u00e4nkt bei Verletzung von Leben, K\u00f6rper oder Gesundheit oder bei Verletzung einer wesentlichen Vertragspflicht. Geraten wir durch leichte Fahrl\u00e4ssigkeit in Leistungsverzug, ist die Leistung unm\u00f6glich geworden oder haben wir eine wesentliche Vertragspflicht verletzt, so ist die Haftung f\u00fcr Sach- und daraus resultierende Verm\u00f6genssch\u00e4den auf den vertragstypisch vorhersehbaren Schaden begrenzt. Eine wesentliche Vertragspflicht ist eine Pflicht, deren Erf\u00fcllung die ordnungsgem\u00e4\u00dfe Durchf\u00fchrung des Vertrages \u00fcberhaupt erst erm\u00f6glicht, deren Verletzung die Erreichung des Vertragszwecks gef\u00e4hrdet und auf deren Einhaltung Sie regelm\u00e4\u00dfig vertrauen d\u00fcrfen. Hierzu geh\u00f6rt insbesondere unsere in \u00a7 3 beschriebene Verpflichtung zum T\u00e4tigwerden und zur Erf\u00fcllung der vertraglich geschuldeten Leistung.   <\/p>\n<p>(3) Installiert der Kunde beim Kauf von Waren mit digitalen Elementen oder beim Kauf von digitalen Produkten (digitale Inhalte und Services) nicht innerhalb einer angemessenen Frist ein ihm zur Verf\u00fcgung gestelltes Update, \u00fcber dessen Verf\u00fcgbarkeit er informiert wurde, so haften wir nicht f\u00fcr einen Sachmangel, der allein auf das Fehlen dieses Updates zur\u00fcckzuf\u00fchren ist.<\/p>\n<h2>\u00a7 9 Vertragssprache<\/h2>\n<p>Die Vertragssprache ist ausschlie\u00dflich Deutsch.<\/p>\n<h2>\u00a7 10 Gew\u00e4hrleistung<\/h2>\n<p>(1) Die Gew\u00e4hrleistung richtet sich nach den gesetzlichen Bestimmungen.<\/p>\n<p>(2) Gegen\u00fcber Unternehmern betr\u00e4gt die Gew\u00e4hrleistungsfrist auf gelieferte Waren 12 Monate.<\/p>\n<p>(3) Als Verbraucher werden Sie gebeten, die gelieferte Ware bzw. die erbrachte Leistung unverz\u00fcglich nach Vertragserf\u00fcllung auf Vollst\u00e4ndigkeit, offensichtliche M\u00e4ngel und Transportsch\u00e4den zu untersuchen und etwaige Beanstandungen uns und dem Transportunternehmen schnellstm\u00f6glich mitzuteilen. Sollten Sie dem nicht nachkommen, hat dies selbstverst\u00e4ndlich keine Auswirkungen auf Ihre gesetzlichen Gew\u00e4hrleistungsanspr\u00fcche. <\/p>\n<h2>\u00a7 11 Schlussbestimmungen\/Streitbeilegung<\/h2>\n<p>(1) Es gilt deutsches Recht. Bei Verbrauchern gilt diese Rechtswahl nur insoweit, als nicht der gew\u00e4hrte Schutz durch zwingende Bestimmungen des Rechts des Staates, in dem der Verbraucher seinen gew\u00f6hnlichen Aufenthalt hat, entzogen wird (G\u00fcnstigkeitsprinzip). <\/p>\n<p>(2) Die Bestimmungen des UN-\u00dcbereinkommens \u00fcber Vertr\u00e4ge \u00fcber den internationalen Warenkauf finden ausdr\u00fccklich keine Anwendung.<\/p>\n<p>(3) Ist der Kunde Kaufmann, eine juristische Person des \u00f6ffentlichen Rechts oder ein \u00f6ffentlich-rechtliches Sonderverm\u00f6gen, so ist Gerichtsstand f\u00fcr alle Streitigkeiten aus Vertragsverh\u00e4ltnissen zwischen dem Kunden und dem Anbieter der Sitz des Anbieters. <\/p>\n\t\t\t\t\t\t\t\t<\/div>\n\t\t\t\t<\/div>\n\t\t\t\t\t<\/div>\n\t\t<\/div>\n\t\t\t\t\t<\/div>\n\t\t<\/section>\n\t\t\t\t<\/div>\n\t\t","protected":false},"excerpt":{"rendered":"<p>AGB \u00a7 1 G\u00fcltigkeit, Begriffsbestimmungen (1) kirsti.music AS, vertreten durch Karoline Hille, Maridalveien 19, 0178 Oslo, Norwegen (nachfolgend: &#8222;wir&#8220; oder &#8222;kirsti.music&#8220;) betreibt unter der Website https:\/\/kirsti.org\/shop\/ einen Online-Shop f\u00fcr Waren, digitale G\u00fcter und Dienstleistungen. F\u00fcr alle Leistungen zwischen uns und unseren Kunden (nachfolgend: &#8222;Kunde&#8220; oder &#8222;Sie&#8220;) gelten die nachfolgenden Allgemeinen Gesch\u00e4ftsbedingungen in ihrer zum Zeitpunkt [&hellip;]<\/p>\n","protected":false},"author":47,"featured_media":0,"parent":0,"menu_order":0,"comment_status":"closed","ping_status":"closed","template":"","meta":{"pmpro_default_level":"","site-sidebar-layout":"no-sidebar","site-content-layout":"page-builder","ast-site-content-layout":"default","site-content-style":"default","site-sidebar-style":"default","ast-global-header-display":"","ast-banner-title-visibility":"","ast-main-header-display":"","ast-hfb-above-header-display":"","ast-hfb-below-header-display":"","ast-hfb-mobile-header-display":"","site-post-title":"disabled","ast-breadcrumbs-content":"","ast-featured-img":"disabled","footer-sml-layout":"","theme-transparent-header-meta":"","adv-header-id-meta":"","stick-header-meta":"","header-above-stick-meta":"","header-main-stick-meta":"","header-below-stick-meta":"","astra-migrate-meta-layouts":"default","ast-page-background-enabled":"default","ast-page-background-meta":{"desktop":{"background-color":"","background-image":"","background-repeat":"repeat","background-position":"center center","background-size":"auto","background-attachment":"scroll","background-type":"","background-media":"","overlay-type":"","overlay-color":"","overlay-opacity":"","overlay-gradient":""},"tablet":{"background-color":"","background-image":"","background-repeat":"repeat","background-position":"center center","background-size":"auto","background-attachment":"scroll","background-type":"","background-media":"","overlay-type":"","overlay-color":"","overlay-opacity":"","overlay-gradient":""},"mobile":{"background-color":"","background-image":"","background-repeat":"repeat","background-position":"center center","background-size":"auto","background-attachment":"scroll","background-type":"","background-media":"","overlay-type":"","overlay-color":"","overlay-opacity":"","overlay-gradient":""}},"ast-content-background-meta":{"desktop":{"background-color":"var(--ast-global-color-5)","background-image":"","background-repeat":"repeat","background-position":"center center","background-size":"auto","background-attachment":"scroll","background-type":"","background-media":"","overlay-type":"","overlay-color":"","overlay-opacity":"","overlay-gradient":""},"tablet":{"background-color":"var(--ast-global-color-5)","background-image":"","background-repeat":"repeat","background-position":"center center","background-size":"auto","background-attachment":"scroll","background-type":"","background-media":"","overlay-type":"","overlay-color":"","overlay-opacity":"","overlay-gradient":""},"mobile":{"background-color":"var(--ast-global-color-5)","background-image":"","background-repeat":"repeat","background-position":"center center","background-size":"auto","background-attachment":"scroll","background-type":"","background-media":"","overlay-type":"","overlay-color":"","overlay-opacity":"","overlay-gradient":""}},"footnotes":""},"class_list":["post-3436","page","type-page","status-publish","hentry","pmpro-has-access"],"_links":{"self":[{"href":"https:\/\/kirstimusic.com\/de\/wp-json\/wp\/v2\/pages\/3436","targetHints":{"allow":["GET"]}}],"collection":[{"href":"https:\/\/kirstimusic.com\/de\/wp-json\/wp\/v2\/pages"}],"about":[{"href":"https:\/\/kirstimusic.com\/de\/wp-json\/wp\/v2\/types\/page"}],"author":[{"embeddable":true,"href":"https:\/\/kirstimusic.com\/de\/wp-json\/wp\/v2\/users\/47"}],"replies":[{"embeddable":true,"href":"https:\/\/kirstimusic.com\/de\/wp-json\/wp\/v2\/comments?post=3436"}],"version-history":[{"count":0,"href":"https:\/\/kirstimusic.com\/de\/wp-json\/wp\/v2\/pages\/3436\/revisions"}],"wp:attachment":[{"href":"https:\/\/kirstimusic.com\/de\/wp-json\/wp\/v2\/media?parent=3436"}],"curies":[{"name":"wp","href":"https:\/\/api.w.org\/{rel}","templated":true}]}}